{"id":583,"date":"2022-09-05T15:56:06","date_gmt":"2022-09-05T15:56:06","guid":{"rendered":"http:\/\/sjiekesjeerke.nl\/?page_id=583"},"modified":"2023-03-07T19:10:24","modified_gmt":"2023-03-07T19:10:24","slug":"assortiment","status":"publish","type":"page","link":"http:\/\/sjiekesjeerke.nl\/?page_id=583","title":{"rendered":"Assortiment"},"content":{"rendered":"\n<h3><span style=\"color:#b91ff6\" class=\"has-inline-color\">Kleur in het assortiment<\/span><\/h3>\n\n\n\n<div class=\"wp-block-image\"><figure class=\"alignleft\"><a href=\"http:\/\/sjiekesjeerke.nl\/?attachment_id=552\"><img loading=\"lazy\" width=\"300\" height=\"225\" src=\"http:\/\/sjiekesjeerke.nl\/wp-content\/uploads\/2021\/03\/417b1551cc9a9ad4c774d358653e0019-300x225.jpg\" alt=\"\" class=\"wp-image-552\" srcset=\"http:\/\/sjiekesjeerke.nl\/wp-content\/uploads\/2021\/03\/417b1551cc9a9ad4c774d358653e0019-300x225.jpg 300w, http:\/\/sjiekesjeerke.nl\/wp-content\/uploads\/2021\/03\/417b1551cc9a9ad4c774d358653e0019-768x575.jpg 768w, http:\/\/sjiekesjeerke.nl\/wp-content\/uploads\/2021\/03\/417b1551cc9a9ad4c774d358653e0019.jpg 960w\" sizes=\"(max-width: 300px) 100vw, 300px\" \/><\/a><\/figure><\/div>\n\n\n\n<p>Metamorphose Safari Care is een conditioner voor intense verzorging na het wassen. Beschadigd en dunner wordend haar verandert in gezond en stralend haar dankzij duurzaam geteelde Afrikaanse Abyssinian Oil en groene olijf serum. Het haar wordt sterker, dikker en voelt aangenaam zacht aan.<\/p>\n\n\n\n<p>Metamorphose Safari Care is een conditioner voor intensere kleur &amp; verzorging na het wassen van gekleurd haar. Gebruik voor een optimale verzorging in combinatie met Safari WASH.<\/p>\n\n\n\n<p>Verdeel de CARE zorgvuldig over gewassen haar. Laat minimaal 5 minuten inwerken en spoel vervolgens goed uit. De kleurintensiteit is afhankelijk van de inwerktijd.<\/p>\n\n\n\n<p>Haartype&nbsp;&nbsp;&nbsp;&nbsp;&nbsp;&nbsp;&nbsp;&nbsp;&nbsp;&nbsp;&nbsp;&nbsp; Gekleurd haar<br>Uitwassen&nbsp;&nbsp;&nbsp;&nbsp;&nbsp;&nbsp;&nbsp;&nbsp;&nbsp; Ja<br>Inwerktijd&nbsp;&nbsp;&nbsp;&nbsp;&nbsp;&nbsp;&nbsp;&nbsp;&nbsp; 6 &#8211; 10 min<br>Hydraterend&nbsp;&nbsp;&nbsp;&nbsp; Ja<\/p>\n\n\n\n<p>Dit product is:<br>&#8211; Vrij van parabenen<br>&#8211; Vrij van siliconen<br>&#8211; Vegan<\/p>\n\n\n\n<p><\/p>\n\n\n\n<h3><span class=\"has-inline-color has-vivid-purple-color\">Goud voor je haar. Dorado Cream Haircolor<\/span><\/h3>\n\n\n\n<div class=\"wp-block-image\"><figure class=\"alignleft\"><a href=\"http:\/\/sjiekesjeerke.nl\/?attachment_id=536\"><img loading=\"lazy\" width=\"300\" height=\"300\" src=\"http:\/\/sjiekesjeerke.nl\/wp-content\/uploads\/2020\/07\/Dorado_620x-300x300.png\" alt=\"\" class=\"wp-image-536\" srcset=\"http:\/\/sjiekesjeerke.nl\/wp-content\/uploads\/2020\/07\/Dorado_620x-300x300.png 300w, http:\/\/sjiekesjeerke.nl\/wp-content\/uploads\/2020\/07\/Dorado_620x-150x150.png 150w, http:\/\/sjiekesjeerke.nl\/wp-content\/uploads\/2020\/07\/Dorado_620x.png 500w\" sizes=\"(max-width: 300px) 100vw, 300px\" \/><\/a><\/figure><\/div>\n\n\n\n<p><\/p>\n\n\n\n<p>Haarkleuring cr\u00e8me, PPD-vrij, met 24-K goud<\/p>\n\n\n\n<p>Een luxe schoonheidsritueel gekenmerkt door een ongebruikelijke helderheid, intens en langdurig. Een kostbare cr\u00e8mekleur met een ongebruikelijke tonale rijkdom, ontwikkeld in een breed scala aan nuances in volle en eigentijdse tinten, ge\u00efnspireerd op de veranderende kleuren van de Grand Canyon op verschillende tijdstippen van de dag, zijn het resultaat van geavanceerde technologie, onderzoek en continue testen . 24K GOUD in collo\u00efdale oplossing. Collo\u00efdaal goud is een speciale suspensie van 24K-gouddeeltjes. Collo\u00efdaal goud heeft altijd belangrijke eigenschappen erkend, zowel esthetisch als fysiologisch. 24K collo\u00efdaal goud stimuleert het celmetabolisme door de vitaliteit van capillaire vezelcellen te verbeteren en verouderingsprocessen te bestrijden door diep in te werken op hun DNA met een duidelijke anti-age actie. Bovendien helpt de aanwezigheid van microdeeltjes van goud, reflecterend licht, om het effect van globale schittering te vermenigvuldigen dankzij de speciale formulerende eigenschappen van de kleurcr\u00e8me.<\/p>\n\n\n\n<p><\/p>\n\n\n\n<p><\/p>\n\n\n\n<h3> <span class=\"has-inline-color has-vivid-purple-color\">Screen Pure D\u2019Argan Silkening Treatment <\/span><\/h3>\n\n\n\n<div class=\"wp-block-image\"><figure class=\"alignleft\"><a href=\"http:\/\/sjiekesjeerke.nl\/?attachment_id=390\"><img loading=\"lazy\" width=\"270\" height=\"224\" src=\"http:\/\/sjiekesjeerke.nl\/wp-content\/uploads\/2019\/01\/SCREEN_PureDArgan_GianlucaCoppola_TagliatiXilSuccesso_Segrate_.jpg\" alt=\"SCREEN_PureDArgan_GianlucaCoppola_TagliatiXilSuccesso_Segrate_\" class=\"wp-image-390\"\/><\/a><\/figure><\/div>\n\n\n\n<p>Screen Pure D\u2019Argan Silkening Treatment<br>Een Screen Pure D\u2019Argan Silkening behandeling, geeft je haar glans, voeding, hydratatie en zachtheid.<\/p>\n\n\n\n<p>Het is een behandeling met arganolie die direct wordt opgenomen in het haar zonder resten achter te laten, waardoor lichtheid en helderheid worden verkregen. Het maakt het haar zijdezacht en omhelst het haar met een rijke en verleidelijke geur.<\/p>\n\n\n\n<p>Arganolie wordt gekenmerkt door een zeer hoge concentratie aan essenti\u00eble vetzuren, vitamines en antioxidanten (vitamine E, omega 6, fytosterolen en tocoferolen), die met hoge voedingswaarde, vochtregulerende en beschermende kracht en een benijdenswaardige anti-aging en anti-oxidant functies bieden.<\/p>\n\n\n\n<p>Deze behandeling kost \u20ac 10,-. Wilt u deze behandeling graag bij uw afspraak gebruiken, dient u dit bij het maken van de afspraak te vermelden. De behandeling duurt ongeveer 10 minuten.<\/p>\n\n\n\n<h3><span class=\"has-inline-color has-vivid-purple-color\">Screen repair behandeling.<\/span><\/h3>\n\n\n\n<div class=\"wp-block-image\"><figure class=\"alignleft\"><a href=\"http:\/\/sjiekesjeerke.nl\/?attachment_id=419\"><img loading=\"lazy\" width=\"300\" height=\"245\" src=\"http:\/\/sjiekesjeerke.nl\/wp-content\/uploads\/2019\/07\/collagescreenrepair-300x245.jpg\" alt=\"collagescreenrepair\" class=\"wp-image-419\" srcset=\"http:\/\/sjiekesjeerke.nl\/wp-content\/uploads\/2019\/07\/collagescreenrepair-300x245.jpg 300w, http:\/\/sjiekesjeerke.nl\/wp-content\/uploads\/2019\/07\/collagescreenrepair.jpg 480w\" sizes=\"(max-width: 300px) 100vw, 300px\" \/><\/a><\/figure><\/div>\n\n\n\n<p>Je haar repareren in drie stappen! De producten werken met een Keratin inTensive Complex: een exclusief concentraat van 20 verschillende aminozuren, waardoor haar vernieuwd evenwicht, kracht en zachtheid vindt. Eiwitten met een laag moleculair gewicht kunnen diep doordringen en zorgen voor een optimale reconstructie van de cortex (binnenste deel), terwijl die met hoog moleculair gewicht de cuticula (het meeste externe deel) herstellen. Je haar straalt weer.<\/p>\n\n\n\n<p>Fase een<\/p>\n\n\n\n<p>Haarherstellende behandelingsshampoo voor beschadigd haar<\/p>\n\n\n\n<p>Het eerste gebaar van het interne reconstructiesysteem van Screen Hair Repair. Het reinigt zachtjes en verzorgt het, bereidt het haar voor op de volgende behandelingen.<\/p>\n\n\n\n<p>Fase twee<\/p>\n\n\n\n<p>Diepe herstelbehandeling voor beschadigd haar<\/p>\n\n\n\n<p>Het tweede gebaar van het interne reconstructiesysteem van Screen Hair Repair. Diepe behandeling met een pH van 6-7 verhoogt de schalen waardoor een diepere penetratie van het product in de binnenste lagen van de stengel mogelijk is.<\/p>\n\n\n\n<p>Fase drie<\/p>\n\n\n\n<p>Laatste herstelbehandeling voor beschadigd haar <\/p>\n\n\n\n<p>Derde en laatste gebaar van het complete reparatiesysteem voor schermherstelling. Met een pH van 4-5. Het sluit perfect de schalen, verzegelt de interne laag en repareert het externe deel. Het biedt intense helderheid en diepe hydratatie.<\/p>\n\n\n\n<p>Deze behandeling is nu ook verkrijgbaar bij \u2019t Sjieke Sjeerke. Wilt u deze behandeling graag bij uw afspraak gebruiken, dient u dit bij het maken van de afspraak te vermelden. De behandeling duurt ongeveer 30 minuten.<\/p>\n\n\n\n<h3><span class=\"has-inline-color has-vivid-purple-color\">Legerity Beauty Hair Cream<\/span><\/h3>\n\n\n\n<p><\/p>\n\n\n\n<div class=\"wp-block-image\"><figure class=\"alignleft\"><a href=\"http:\/\/sjiekesjeerke.nl\/?attachment_id=404\"><img loading=\"lazy\" width=\"300\" height=\"300\" src=\"http:\/\/sjiekesjeerke.nl\/wp-content\/uploads\/2019\/01\/13e40496-8197-47a0-9bbe-6b592ebf15a1-300x300.jpg\" alt=\"13e40496-8197-47a0-9bbe-6b592ebf15a1\" class=\"wp-image-404\" srcset=\"http:\/\/sjiekesjeerke.nl\/wp-content\/uploads\/2019\/01\/13e40496-8197-47a0-9bbe-6b592ebf15a1-300x300.jpg 300w, http:\/\/sjiekesjeerke.nl\/wp-content\/uploads\/2019\/01\/13e40496-8197-47a0-9bbe-6b592ebf15a1-150x150.jpg 150w, http:\/\/sjiekesjeerke.nl\/wp-content\/uploads\/2019\/01\/13e40496-8197-47a0-9bbe-6b592ebf15a1.jpg 602w\" sizes=\"(max-width: 300px) 100vw, 300px\" \/><\/a><\/figure><\/div>\n\n\n\n<p>Het regenereert, versterkt, revitaliseert, beschermt, verzacht, verlicht en maakt het haar lichter. Het helpt bij het vormgeven en vasthouden van de stijl voor een langere tijd.<\/p>\n\n\n\n<p id=\"tw-target-text\">Een uniek aroma met frisse en sensuele tonen gepresenteerd in een lichte consistentie en ongelooflijk aangenaam om aan te raken.<\/p>\n\n\n\n<p>Een mix van componenten, het resultaat van de hoogste cosmetische technologie, ondersteunt vorm en styling, met name dankzij volume en lichtheid, dankzij de Legerity BHB (Beauty &amp; Health Blend). Leave-in-behandeling, gemakkelijk te gebruiken en de dosis kan worden gebruikt op handdoekdroog of gef\u00f6hnd haar, zeer geschikt voor dagelijks gebruik.<\/p>\n\n\n\n<p id=\"tw-target-text\">Legerity, Beauty Hair Cream, is de eerste universele schoonheidsbehandeling. De unieke consistentie, onzichtbaar en licht als een Angel&#8217;s touch, bevat een uitstekende cosmetische, revitaliserende, glansherstellende en vormgevende kracht. Als een echte schoonheidscr\u00e8me komt Legerity op haar eigen manier in de topkwaliteit van het haarcosmetica.<\/p>\n\n\n\n<h3><span class=\"has-inline-color has-vivid-purple-color\">Screen Suncontrol Producten<\/span><\/h3>\n\n\n\n<p>De serie van Screen zorgt voor een natuurlijke bescherming van het haar.<\/p>\n\n\n\n<div class=\"wp-block-image\"><figure class=\"alignleft\"><a href=\"http:\/\/sjiekesjeerke.nl\/?attachment_id=418\"><img loading=\"lazy\" width=\"300\" height=\"171\" src=\"http:\/\/sjiekesjeerke.nl\/wp-content\/uploads\/2019\/07\/collagescreensun-300x171.jpg\" alt=\"collagescreensun\" class=\"wp-image-418\" srcset=\"http:\/\/sjiekesjeerke.nl\/wp-content\/uploads\/2019\/07\/collagescreensun-300x171.jpg 300w, http:\/\/sjiekesjeerke.nl\/wp-content\/uploads\/2019\/07\/collagescreensun-768x438.jpg 768w, http:\/\/sjiekesjeerke.nl\/wp-content\/uploads\/2019\/07\/collagescreensun.jpg 776w\" sizes=\"(max-width: 300px) 100vw, 300px\" \/><\/a><\/figure><\/div>\n\n\n\n<p>Suncontrol bevat zonnebrandmiddelen en kostbare natuurlijke ingredi\u00ebnten, zoals Avocado-olie, Baobab-olie, Menthol, Jojoba-olie, Macadamia-olie en Tarweolie die bescherming, hydratatie en diepe voeding garanderen.<\/p>\n\n\n\n<p>Total Body Shampoo: Lichaamsshampoo na de zon<\/p>\n\n\n\n<p>Het reinigt, verfrist, hydrateert en beschermt lichaam en haar. De kostbare ingredi\u00ebnten beschermen tegen blootstelling aan de zon en elimineren zachtjes zand, zout en chloor.<\/p>\n\n\n\n<p>Haarbalsem<\/p>\n\n\n\n<p>Delicate conditioner, het werkt diep op haar dat is blootgesteld aan zon, zout en chloor. Het herstelt het haar tot een gezonde, compacte en lichte uitstraling.<\/p>\n\n\n\n<p>Beschermende olie voor haar en lichaam<\/p>\n\n\n\n<p>Ideale bescherming voor en na haarblootstelling aan zon, zout en chloor. Het droogt snel en behoudt zo zijn beschermende werking. Gebruikt op het lichaam, op het strand of in het zwembad, biedt het hydratatie. Bevat zonnebrandmiddelen en verzachtende en voedende natuurlijke oli\u00ebn.<\/p>\n\n\n\n<p>Beschermend serum<\/p>\n\n\n\n<p>Ideale bescherming voor en na blootstelling van het haar aan zon, zout en chloor. In de extra lichte formule voedt en beschermt het zonder extra gewicht toe te voegen. Gebruikt op het lichaam, op het strand of in het zwembad, biedt het hydratatie. Het bevat zonnebrandmiddelen.<\/p>\n\n\n\n<p><\/p>\n\n\n\n<p><\/p>\n","protected":false},"excerpt":{"rendered":"<p>Kleur in het assortiment Metamorphose Safari Care is een conditioner voor intense verzorging na het wassen. Beschadigd en dunner wordend haar verandert in gezond en stralend haar dankzij duurzaam geteelde Afrikaanse Abyssinian Oil en groene olijf serum. Het haar wordt sterker, dikker en voelt aangenaam zacht aan. Metamorphose Safari Care is een conditioner voor intensere [&hellip;]<\/p>\n","protected":false},"author":1,"featured_media":0,"parent":0,"menu_order":0,"comment_status":"closed","ping_status":"closed","template":"","meta":[],"_links":{"self":[{"href":"http:\/\/sjiekesjeerke.nl\/index.php?rest_route=\/wp\/v2\/pages\/583"}],"collection":[{"href":"http:\/\/sjiekesjeerke.nl\/index.php?rest_route=\/wp\/v2\/pages"}],"about":[{"href":"http:\/\/sjiekesjeerke.nl\/index.php?rest_route=\/wp\/v2\/types\/page"}],"author":[{"embeddable":true,"href":"http:\/\/sjiekesjeerke.nl\/index.php?rest_route=\/wp\/v2\/users\/1"}],"replies":[{"embeddable":true,"href":"http:\/\/sjiekesjeerke.nl\/index.php?rest_route=%2Fwp%2Fv2%2Fcomments&post=583"}],"version-history":[{"count":10,"href":"http:\/\/sjiekesjeerke.nl\/index.php?rest_route=\/wp\/v2\/pages\/583\/revisions"}],"predecessor-version":[{"id":700,"href":"http:\/\/sjiekesjeerke.nl\/index.php?rest_route=\/wp\/v2\/pages\/583\/revisions\/700"}],"wp:attachment":[{"href":"http:\/\/sjiekesjeerke.nl\/index.php?rest_route=%2Fwp%2Fv2%2Fmedia&parent=583"}],"curies":[{"name":"wp","href":"https:\/\/api.w.org\/{rel}","templated":true}]}}